{"id":222,"date":"2020-08-21T15:14:34","date_gmt":"2020-08-21T13:14:34","guid":{"rendered":"https:\/\/zen-diving.com?page_id=222"},"modified":"2025-09-08T16:04:10","modified_gmt":"2025-09-08T14:04:10","slug":"book-cenote-diving-tulum","status":"publish","type":"page","link":"https:\/\/zen-diving.com\/fr\/book-cenote-diving-tulum\/","title":{"rendered":"Book Now your diving tour in Tulum"},"content":{"rendered":"<div data-elementor-type=\"wp-page\" data-elementor-id=\"222\" class=\"elementor elementor-222\" data-elementor-settings=\"[]\">\n\t\t\t\t\t\t<div class=\"elementor-inner\">\n\t\t\t\t\t\t\t<div class=\"elementor-section-wrap\">\n\t\t\t\t\t\t\t<section class=\"elementor-section elementor-top-section elementor-element elementor-element-9fbd23f elementor-section-height-min-height elementor-section-content-middle elementor-section-boxed elementor-section-height-default elementor-section-items-middle\" data-id=\"9fbd23f\" data-element_type=\"section\" data-settings=\"{&quot;background_background&quot;:&quot;classic&quot;}\">\n\t\t\t\t\t\t<div class=\"elementor-container elementor-column-gap-default\">\n\t\t\t\t\t\t\t<div class=\"elementor-row\">\n\t\t\t\t\t<div class=\"elementor-column elementor-col-50 elementor-top-column elementor-element elementor-element-b6fca9a\" data-id=\"b6fca9a\" data-element_type=\"column\">\n\t\t\t<div class=\"elementor-column-wrap elementor-element-populated\">\n\t\t\t\t\t\t\t<div class=\"elementor-widget-wrap\">\n\t\t\t\t\t\t<div class=\"elementor-element elementor-element-1834a6e elementor-widget elementor-widget-image\" data-id=\"1834a6e\" data-element_type=\"widget\" data-widget_type=\"image.default\">\n\t\t\t\t<div class=\"elementor-widget-container\">\n\t\t\t\t\t<div class=\"elementor-image\">\n\t\t\t\t\t\t\t\t\t\t<img width=\"466\" height=\"146\" src=\"https:\/\/zen-diving.com\/wp-content\/uploads\/2020\/08\/logo-1.png\" class=\"attachment-large size-large\" alt=\"\" loading=\"lazy\" srcset=\"https:\/\/zen-diving.com\/wp-content\/uploads\/2020\/08\/logo-1.png 466w, https:\/\/zen-diving.com\/wp-content\/uploads\/2020\/08\/logo-1-300x94.png 300w\" sizes=\"(max-width: 466px) 100vw, 466px\" \/>\t\t\t\t\t\t\t\t\t\t\t<\/div>\n\t\t\t\t<\/div>\n\t\t\t\t<\/div>\n\t\t\t\t<div class=\"elementor-element elementor-element-adb936a elementor-invisible elementor-widget elementor-widget-heading\" data-id=\"adb936a\" data-element_type=\"widget\" data-settings=\"{&quot;_animation&quot;:&quot;flash&quot;}\" data-widget_type=\"heading.default\">\n\t\t\t\t<div class=\"elementor-widget-container\">\n\t\t\t<h2 class=\"elementor-heading-title elementor-size-default\">R\u00e9servez maintenant<\/h2>\t\t<\/div>\n\t\t\t\t<\/div>\n\t\t\t\t<div class=\"elementor-element elementor-element-05e14cd elementor-widget elementor-widget-text-editor\" data-id=\"05e14cd\" data-element_type=\"widget\" data-widget_type=\"text-editor.default\">\n\t\t\t\t<div class=\"elementor-widget-container\">\n\t\t\t\t\t<div class=\"elementor-text-editor elementor-clearfix\"><p>Let's do this! Nous sommes ouverts 7 jours par semaine, pr\u00eats \u00e0 vous faire d\u00e9couvrir le monde magique de la plong\u00e9e souterraine au Mexique, dans un cadre fond\u00e9 sur la s\u00e9curit\u00e9.<br><\/p><\/div>\n\t\t\t\t<\/div>\n\t\t\t\t<\/div>\n\t\t\t\t<div class=\"elementor-element elementor-element-2b1e222 elementor-widget elementor-widget-heading\" data-id=\"2b1e222\" data-element_type=\"widget\" data-widget_type=\"heading.default\">\n\t\t\t\t<div class=\"elementor-widget-container\">\n\t\t\t<h5 class=\"elementor-heading-title elementor-size-default\">Ou appelez nous:<\/h5>\t\t<\/div>\n\t\t\t\t<\/div>\n\t\t\t\t<div class=\"elementor-element elementor-element-938bfb9 elementor-align-center elementor-icon-list--layout-traditional elementor-list-item-link-full_width elementor-widget elementor-widget-icon-list\" data-id=\"938bfb9\" data-element_type=\"widget\" data-widget_type=\"icon-list.default\">\n\t\t\t\t<div class=\"elementor-widget-container\">\n\t\t\t\t\t<ul class=\"elementor-icon-list-items\">\n\t\t\t\t\t\t\t<li class=\"elementor-icon-list-item\">\n\t\t\t\t\t<a href=\"https:\/\/wa.me\/+529841845566\">\t\t\t\t\t\t<span class=\"elementor-icon-list-icon\">\n\t\t\t\t\t\t\t<i aria-hidden=\"true\" class=\"fab fa-whatsapp\"><\/i>\t\t\t\t\t\t<\/span>\n\t\t\t\t\t\t\t\t\t\t<span class=\"elementor-icon-list-text\">WhatsApp : +52 984 184 55 66<\/span>\n\t\t\t\t\t\t\t\t\t\t\t<\/a>\n\t\t\t\t\t\t\t\t\t<\/li>\n\t\t\t\t\t\t<\/ul>\n\t\t\t\t<\/div>\n\t\t\t\t<\/div>\n\t\t\t\t\t\t<\/div>\n\t\t\t\t\t<\/div>\n\t\t<\/div>\n\t\t\t\t<div class=\"elementor-column elementor-col-50 elementor-top-column elementor-element elementor-element-7a167ba\" data-id=\"7a167ba\" data-element_type=\"column\" data-settings=\"{&quot;background_background&quot;:&quot;classic&quot;}\">\n\t\t\t<div class=\"elementor-column-wrap elementor-element-populated\">\n\t\t\t\t\t\t\t<div class=\"elementor-widget-wrap\">\n\t\t\t\t\t\t<div class=\"elementor-element elementor-element-94e13f1 elementor-button-align-stretch elementor-widget elementor-widget-form\" data-id=\"94e13f1\" data-element_type=\"widget\" data-settings=\"{&quot;step_next_label&quot;:&quot;Suivant&quot;,&quot;step_previous_label&quot;:&quot;Pr\\u00e9c\\u00e9dent&quot;,&quot;button_width&quot;:&quot;100&quot;,&quot;step_type&quot;:&quot;number_text&quot;,&quot;step_icon_shape&quot;:&quot;circle&quot;}\" data-widget_type=\"form.default\">\n\t\t\t\t<div class=\"elementor-widget-container\">\n\t\t\t\t\t<form class=\"elementor-form\" method=\"post\" name=\"Nouveau formulaire\" action=\"\">\n\t\t\t<input type=\"hidden\" name=\"post_id\" value=\"222\"\/>\n\t\t\t<input type=\"hidden\" name=\"form_id\" value=\"94e13f1\"\/>\n\n\t\t\t\n\t\t\t<div class=\"elementor-form-fields-wrapper elementor-labels-\">\n\t\t\t\t\t\t\t\t<div class=\"elementor-field-type-text elementor-field-group elementor-column elementor-field-group-name elementor-col-100\">\n\t\t\t\t\t<label for=\"form-field-name\" class=\"elementor-field-label elementor-screen-only\">Nom<\/label><input size=\"1\" type=\"text\" name=\"form_fields[name]\" id=\"form-field-name\" class=\"elementor-field elementor-size-sm  elementor-field-textual\" placeholder=\"Name\">\t\t\t\t<\/div>\n\t\t\t\t\t\t\t\t<div class=\"elementor-field-type-email elementor-field-group elementor-column elementor-field-group-email elementor-col-100 elementor-field-required\">\n\t\t\t\t\t<label for=\"form-field-email\" class=\"elementor-field-label elementor-screen-only\">E-mail<\/label><input size=\"1\" type=\"email\" name=\"form_fields[email]\" id=\"form-field-email\" class=\"elementor-field elementor-size-sm  elementor-field-textual\" placeholder=\"E-mail\" required=\"required\" aria-required=\"true\">\t\t\t\t<\/div>\n\t\t\t\t\t\t\t\t<div class=\"elementor-field-type-tel elementor-field-group elementor-column elementor-field-group-field_5a12206 elementor-col-100\">\n\t\t\t\t\t<label for=\"form-field-field_5a12206\" class=\"elementor-field-label elementor-screen-only\">Phone<\/label><input size=\"1\" type=\"tel\" name=\"form_fields[field_5a12206]\" id=\"form-field-field_5a12206\" class=\"elementor-field elementor-size-sm  elementor-field-textual\" placeholder=\"Phone\" pattern=\"[0-9()#&amp;+*-=.]+\" title=\"Seuls les caract\u00e8res de num\u00e9ros de t\u00e9l\u00e9phone (#, -, *, etc.) sont accept\u00e9s.\">\t\t\t\t<\/div>\n\t\t\t\t\t\t\t\t<div class=\"elementor-field-type-date elementor-field-group elementor-column elementor-field-group-field_ebed45c elementor-col-100\">\n\t\t\t\t\t<label for=\"form-field-field_ebed45c\" class=\"elementor-field-label elementor-screen-only\">Date<\/label><input type=\"date\" name=\"form_fields[field_ebed45c]\" id=\"form-field-field_ebed45c\" class=\"elementor-field elementor-size-sm  elementor-field-textual elementor-date-field\" placeholder=\"Date\" pattern=\"[0-9]{4}-[0-9]{2}-[0-9]{2}\">\t\t\t\t<\/div>\n\t\t\t\t\t\t\t\t<div class=\"elementor-field-type-number elementor-field-group elementor-column elementor-field-group-field_55917fd elementor-col-100\">\n\t\t\t\t\t<label for=\"form-field-field_55917fd\" class=\"elementor-field-label elementor-screen-only\">Number of divers<\/label><input type=\"number\" name=\"form_fields[field_55917fd]\" id=\"form-field-field_55917fd\" class=\"elementor-field elementor-size-sm  elementor-field-textual\" placeholder=\"Number of divers\" min=\"1\" max=\"\">\t\t\t\t<\/div>\n\t\t\t\t\t\t\t\t<div class=\"elementor-field-type-select elementor-field-group elementor-column elementor-field-group-field_0e5df45 elementor-col-100\">\n\t\t\t\t\t<label for=\"form-field-field_0e5df45\" class=\"elementor-field-label elementor-screen-only\">Know what you want ? <\/label>\t\t<div class=\"elementor-field elementor-select-wrapper\">\n\t\t\t<select name=\"form_fields[field_0e5df45]\" id=\"form-field-field_0e5df45\" class=\"elementor-field-textual elementor-size-sm\">\n\t\t\t\t<option value=\"Don&#039;t know yet !\">Don&#039;t know yet !<\/option><option value=\"Discover Scuba\">Bapt\u00eame de plong\u00e9e<\/option><option value=\"Cavern Tours \">Plong\u00e9e en caverne <\/option><option value=\"Cave diving\">Cave diving<\/option><option value=\"Ocean Dives\">Plonger en mer<\/option><option value=\"Dive courses\">Dive courses<\/option>\t\t\t<\/select>\n\t\t<\/div>\n\t\t\t\t\t\t<\/div>\n\t\t\t\t\t\t\t\t<div class=\"elementor-field-type-textarea elementor-field-group elementor-column elementor-field-group-message elementor-col-100\">\n\t\t\t\t\t<label for=\"form-field-message\" class=\"elementor-field-label elementor-screen-only\">Message<\/label><textarea class=\"elementor-field-textual elementor-field  elementor-size-sm\" name=\"form_fields[message]\" id=\"form-field-message\" rows=\"4\" placeholder=\"Message\"><\/textarea>\t\t\t\t<\/div>\n\t\t\t\t\t\t\t\t<div class=\"elementor-field-type-recaptcha_v3 elementor-field-group elementor-column elementor-field-group- elementor-col-100 recaptcha_v3-bottomright\">\n\t\t\t\t\t<div class=\"elementor-field\" id=\"form-field-\"><div class=\"elementor-g-recaptcha\" data-sitekey=\"6LdXY90hAAAAANHSikkwU_BmPrkl0h4bs14cuxFO\" data-type=\"v3\" data-action=\"Form\" data-badge=\"bottomright\" data-size=\"invisible\"><\/div><\/div>\t\t\t\t<\/div>\n\t\t\t\t\t\t\t\t<div class=\"elementor-field-group elementor-column elementor-field-type-submit elementor-col-100 e-form__buttons\">\n\t\t\t\t\t<button type=\"submit\" class=\"elementor-button elementor-size-sm\">\n\t\t\t\t\t\t<span >\n\t\t\t\t\t\t\t\t\t\t\t\t\t\t\t<span class=\"elementor-button-icon\">\n\t\t\t\t\t\t\t\t\t\t\t\t\t\t\t\t\t\t\t\t\t\t\t\t\t\t<\/span>\n\t\t\t\t\t\t\t\t\t\t\t\t\t\t\t\t\t\t\t\t\t\t<span class=\"elementor-button-text\">R\u00e9servez Maintenant!<\/span>\n\t\t\t\t\t\t\t\t\t\t\t\t\t<\/span>\n\t\t\t\t\t<\/button>\n\t\t\t\t<\/div>\n\t\t\t<\/div>\n\t\t<input type=\"hidden\" name=\"trp-form-language\" value=\"fr\"\/><\/form>\n\t\t\t\t<\/div>\n\t\t\t\t<\/div>\n\t\t\t\t\t\t<\/div>\n\t\t\t\t\t<\/div>\n\t\t<\/div>\n\t\t\t\t\t\t\t\t<\/div>\n\t\t\t\t\t<\/div>\n\t\t<\/section>\n\t\t\t\t\t\t<\/div>\n\t\t\t\t\t\t<\/div>\n\t\t\t\t\t<\/div>","protected":false},"excerpt":{"rendered":"<p>Book Now Let&#8217;s do this ! We are open 7 days a week, ready to show you the magical world of Mexican Diving in the safest conditions. or give us a call : WhatsApp : +52 984 184 55 66<\/p>","protected":false},"author":1,"featured_media":35,"parent":0,"menu_order":0,"comment_status":"closed","ping_status":"closed","template":"elementor_header_footer","meta":[],"yoast_head":"<!-- This site is optimized with the Yoast SEO plugin v14.9 - https:\/\/yoast.com\/wordpress\/plugins\/seo\/ -->\n<title>Zen Diving Tulum - Book now your next Cenote dive with us.<\/title>\n<meta name=\"description\" content=\"Let\u2019s do this ! We are open 7 days a week, ready to show you the magical world of Cenote Diving in Tulum, in total safety.\" \/>\n<meta name=\"robots\" content=\"index, follow, max-snippet:-1, max-image-preview:large, max-video-preview:-1\" \/>\n<link rel=\"canonical\" href=\"https:\/\/zen-diving.com\/fr\/book-cenote-diving-tulum\/\" \/>\n<meta property=\"og:locale\" content=\"fr_FR\" \/>\n<meta property=\"og:type\" content=\"article\" \/>\n<meta property=\"og:title\" content=\"Zen Diving Tulum - Book now your next Cenote dive with us.\" \/>\n<meta property=\"og:description\" content=\"Let\u2019s do this ! We are open 7 days a week, ready to show you the magical world of Cenote Diving in Tulum, in total safety.\" \/>\n<meta property=\"og:url\" content=\"https:\/\/zen-diving.com\/fr\/book-cenote-diving-tulum\/\" \/>\n<meta property=\"og:site_name\" content=\"Zen Diving Tulum\" \/>\n<meta property=\"article:modified_time\" content=\"2025-09-08T14:04:10+00:00\" \/>\n<meta property=\"og:image\" content=\"https:\/\/zen-diving.com\/wp-content\/uploads\/2020\/08\/tripadvi.jpg\" \/>\n\t<meta property=\"og:image:width\" content=\"800\" \/>\n\t<meta property=\"og:image:height\" content=\"800\" \/>\n<meta name=\"twitter:card\" content=\"summary_large_image\" \/>\n<script type=\"application\/ld+json\" class=\"yoast-schema-graph\">{\"@context\":\"https:\/\/schema.org\",\"@graph\":[{\"@type\":\"WebSite\",\"@id\":\"https:\/\/zen-diving.com\/fr\/#website\",\"url\":\"https:\/\/zen-diving.com\/fr\/\",\"name\":\"Zen Diving Tulum\",\"description\":\"Diving center in Tulum Mexico\",\"potentialAction\":[{\"@type\":\"SearchAction\",\"target\":\"https:\/\/zen-diving.com\/fr\/?s={search_term_string}\",\"query-input\":\"required name=search_term_string\"}],\"inLanguage\":\"fr-FR\"},{\"@type\":\"ImageObject\",\"@id\":\"https:\/\/zen-diving.com\/book-cenote-diving-tulum\/#primaryimage\",\"inLanguage\":\"fr-FR\",\"url\":\"https:\/\/zen-diving.com\/wp-content\/uploads\/2020\/08\/tripadvi.jpg\",\"width\":800,\"height\":800},{\"@type\":\"WebPage\",\"@id\":\"https:\/\/zen-diving.com\/book-cenote-diving-tulum\/#webpage\",\"url\":\"https:\/\/zen-diving.com\/book-cenote-diving-tulum\/\",\"name\":\"Zen Diving Tulum - Book now your next Cenote dive with us.\",\"isPartOf\":{\"@id\":\"https:\/\/zen-diving.com\/fr\/#website\"},\"primaryImageOfPage\":{\"@id\":\"https:\/\/zen-diving.com\/book-cenote-diving-tulum\/#primaryimage\"},\"datePublished\":\"2020-08-21T13:14:34+00:00\",\"dateModified\":\"2025-09-08T14:04:10+00:00\",\"description\":\"Let\\u2019s do this ! We are open 7 days a week, ready to show you the magical world of Cenote Diving in Tulum, in total safety.\",\"inLanguage\":\"fr-FR\",\"potentialAction\":[{\"@type\":\"ReadAction\",\"target\":[\"https:\/\/zen-diving.com\/book-cenote-diving-tulum\/\"]}]}]}<\/script>\n<!-- \/ Yoast SEO plugin. -->","_links":{"self":[{"href":"https:\/\/zen-diving.com\/fr\/wp-json\/wp\/v2\/pages\/222"}],"collection":[{"href":"https:\/\/zen-diving.com\/fr\/wp-json\/wp\/v2\/pages"}],"about":[{"href":"https:\/\/zen-diving.com\/fr\/wp-json\/wp\/v2\/types\/page"}],"author":[{"embeddable":true,"href":"https:\/\/zen-diving.com\/fr\/wp-json\/wp\/v2\/users\/1"}],"replies":[{"embeddable":true,"href":"https:\/\/zen-diving.com\/fr\/wp-json\/wp\/v2\/comments?post=222"}],"version-history":[{"count":6,"href":"https:\/\/zen-diving.com\/fr\/wp-json\/wp\/v2\/pages\/222\/revisions"}],"predecessor-version":[{"id":991,"href":"https:\/\/zen-diving.com\/fr\/wp-json\/wp\/v2\/pages\/222\/revisions\/991"}],"wp:featuredmedia":[{"embeddable":true,"href":"https:\/\/zen-diving.com\/fr\/wp-json\/wp\/v2\/media\/35"}],"wp:attachment":[{"href":"https:\/\/zen-diving.com\/fr\/wp-json\/wp\/v2\/media?parent=222"}],"curies":[{"name":"wp","href":"https:\/\/api.w.org\/{rel}","templated":true}]}}