{"id":3,"date":"2020-08-19T19:04:29","date_gmt":"2020-08-19T17:04:29","guid":{"rendered":"https:\/\/zen-diving.com?page_id=3"},"modified":"2025-11-12T18:38:46","modified_gmt":"2025-11-12T17:38:46","slug":"politique-de-confidentialite","status":"publish","type":"page","link":"https:\/\/zen-diving.com\/fr\/politique-de-confidentialite\/","title":{"rendered":"Politique de confidentialit\u00e9"},"content":{"rendered":"<div data-elementor-type=\"wp-page\" data-elementor-id=\"3\" class=\"elementor elementor-3\" data-elementor-settings=\"[]\">\n\t\t\t\t\t\t<div class=\"elementor-inner\">\n\t\t\t\t\t\t\t<div class=\"elementor-section-wrap\">\n\t\t\t\t\t\t\t<section class=\"elementor-section elementor-top-section elementor-element elementor-element-8670b2b elementor-section-boxed elementor-section-height-default elementor-section-height-default\" data-id=\"8670b2b\" data-element_type=\"section\" data-settings=\"{&quot;background_background&quot;:&quot;classic&quot;,&quot;shape_divider_bottom&quot;:&quot;waves&quot;}\">\n\t\t\t\t\t\t\t<div class=\"elementor-background-overlay\"><\/div>\n\t\t\t\t\t\t<div class=\"elementor-shape elementor-shape-bottom\" data-negative=\"false\">\n\t\t\t<svg xmlns=\"http:\/\/www.w3.org\/2000\/svg\" viewbox=\"0 0 1000 100\" preserveaspectratio=\"none\">\n\t<path class=\"elementor-shape-fill\" d=\"M421.9,6.5c22.6-2.5,51.5,0.4,75.5,5.3c23.6,4.9,70.9,23.5,100.5,35.7c75.8,32.2,133.7,44.5,192.6,49.7\tc23.6,2.1,48.7,3.5,103.4-2.5c54.7-6,106.2-25.6,106.2-25.6V0H0v30.3c0,0,72,32.6,158.4,30.5c39.2-0.7,92.8-6.7,134-22.4\tc21.2-8.1,52.2-18.2,79.7-24.2C399.3,7.9,411.6,7.5,421.9,6.5z\"\/>\n<\/svg>\t\t<\/div>\n\t\t\t\t\t<div class=\"elementor-container elementor-column-gap-default\">\n\t\t\t\t\t\t\t<div class=\"elementor-row\">\n\t\t\t\t\t<div class=\"elementor-column elementor-col-100 elementor-top-column elementor-element elementor-element-78b91f3\" data-id=\"78b91f3\" data-element_type=\"column\">\n\t\t\t<div class=\"elementor-column-wrap elementor-element-populated\">\n\t\t\t\t\t\t\t<div class=\"elementor-widget-wrap\">\n\t\t\t\t\t\t<div class=\"elementor-element elementor-element-488c79b elementor-invisible elementor-widget elementor-widget-heading\" data-id=\"488c79b\" data-element_type=\"widget\" data-settings=\"{&quot;_animation&quot;:&quot;fadeInDown&quot;}\" data-widget_type=\"heading.default\">\n\t\t\t\t<div class=\"elementor-widget-container\">\n\t\t\t<h2 class=\"elementor-heading-title elementor-size-default\">Legals<\/h2>\t\t<\/div>\n\t\t\t\t<\/div>\n\t\t\t\t<div class=\"elementor-element elementor-element-b1f6924 elementor-widget elementor-widget-text-editor\" data-id=\"b1f6924\" data-element_type=\"widget\" data-widget_type=\"text-editor.default\">\n\t\t\t\t<div class=\"elementor-widget-container\">\n\t\t\t\t\t<div class=\"elementor-text-editor elementor-clearfix\"><p>Feel free to contact us if you have any questions<\/p><\/div>\n\t\t\t\t<\/div>\n\t\t\t\t<\/div>\n\t\t\t\t<div class=\"elementor-element elementor-element-8c38350 elementor-icon-list--layout-traditional elementor-list-item-link-full_width elementor-widget elementor-widget-icon-list\" data-id=\"8c38350\" data-element_type=\"widget\" data-widget_type=\"icon-list.default\">\n\t\t\t\t<div class=\"elementor-widget-container\">\n\t\t\t\t\t<ul class=\"elementor-icon-list-items\">\n\t\t\t\t\t\t\t<li class=\"elementor-icon-list-item\">\n\t\t\t\t\t\t\t\t\t\t\t<span class=\"elementor-icon-list-icon\">\n\t\t\t\t\t\t\t<i aria-hidden=\"true\" class=\"fab fa-whatsapp\"><\/i>\t\t\t\t\t\t<\/span>\n\t\t\t\t\t\t\t\t\t\t<span class=\"elementor-icon-list-text\">WhatsApp : +521 984 198 21 07<\/span>\n\t\t\t\t\t\t\t\t\t<\/li>\n\t\t\t\t\t\t<\/ul>\n\t\t\t\t<\/div>\n\t\t\t\t<\/div>\n\t\t\t\t\t\t<\/div>\n\t\t\t\t\t<\/div>\n\t\t<\/div>\n\t\t\t\t\t\t\t\t<\/div>\n\t\t\t\t\t<\/div>\n\t\t<\/section>\n\t\t\t\t<section class=\"elementor-section elementor-top-section elementor-element elementor-element-62ccb5ee elementor-section-boxed elementor-section-height-default elementor-section-height-default\" data-id=\"62ccb5ee\" data-element_type=\"section\">\n\t\t\t\t\t\t<div class=\"elementor-container elementor-column-gap-default\">\n\t\t\t\t\t\t\t<div class=\"elementor-row\">\n\t\t\t\t\t<div class=\"elementor-column elementor-col-100 elementor-top-column elementor-element elementor-element-370621c5\" data-id=\"370621c5\" data-element_type=\"column\">\n\t\t\t<div class=\"elementor-column-wrap elementor-element-populated\">\n\t\t\t\t\t\t\t<div class=\"elementor-widget-wrap\">\n\t\t\t\t\t\t<div class=\"elementor-element elementor-element-46cd8071 elementor-widget elementor-widget-text-editor\" data-id=\"46cd8071\" data-element_type=\"widget\" data-widget_type=\"text-editor.default\">\n\t\t\t\t<div class=\"elementor-widget-container\">\n\t\t\t\t\t<div class=\"elementor-text-editor elementor-clearfix\"><div class=\"vc_row wpb_row vc_row-fluid\">\n<div class=\"wpb_column vc_column_container vc_col-sm-12\">\n<div class=\"vc_column-inner\">\n<div class=\"wpb_wrapper\">\n<div class=\"wpb_text_column wpb_content_element wpb_animate_when_almost_visible wpb_top-to-bottom vc_custom_1473690547183 legales\">\n<div class=\"wpb_wrapper\">\n<p>Mentions l\u00e9gales, en vertu de l\u2019article 6 de la loi n\u00b0 2004-575 du 21 juin 2004 pour la confiance dans l\u2019\u00e9conomie num\u00e9rique, il est pr\u00e9cis\u00e9 aux utilisateurs du site www.zen-diving.com l\u2019identit\u00e9 des diff\u00e9rents intervenants dans le cadre de sa r\u00e9alisation et de son suivi :<br><strong>Propri\u00e9taire : <\/strong><br><strong>Cr\u00e9ateur : <a href=\"http:\/\/www.novovisuel.com\">Novo Visuel<\/a><\/strong><br><strong>Responsable publication :<\/strong><br><strong>H\u00e9bergeur : OVH \u2013 Roubaix<\/strong><\/p>\n<p><\/p>\n<p><strong>Assurance:<\/strong><\/p>\n<p>Une assurance de plong\u00e9es personnelle n\u2019est pas inclus dans nos cours ou nos excursions. Soyez s\u00fbres d\u2019avoir une assurance appropri\u00e9e pour vous couvrir pendant la plong\u00e9e en plus d\u2019une assurance d\u2019annulation et de vacances.<br>Si vous ne savez pas ou obtenir une assurance de plong\u00e9e appropri\u00e9e, contactez nous avant de r\u00e9server votre voyage ou avant de commencer votre formation.<br>Zen Diving ainsi que nos guides et instructeurs ont des assurances de responsabilit\u00e9s professionnelles, cependant il est toujours pr\u00e9f\u00e9rable d\u2019avoir votre propre assurance.<\/p>\n<p><\/p>\n<p><strong>Certification:<\/strong><\/p>\n<p>Une preuve de votre certification la plus r\u00e9cente et une copie de votre derni\u00e8re immersion provenant de votre carnet de plong\u00e9e vous sera demand\u00e9. Le manque de preuve de certification peu engendr\u00e9 un changement de formule, de type de plong\u00e9es et de tarifs.<br>Si vous prenez des cours de plong\u00e9es avec Zen Diving et que vous n\u2019\u00eates pas en mesure de terminer votre entrainement dans le temps pr\u00e9vu, en respect des normes de SDI TDI, des charges suppl\u00e9mentaires sont susceptibles d\u2019\u00eatre appliqu\u00e9es.<\/p>\n<p><\/p>\n<p><strong>D\u00e9claration de responsabilit\u00e9s<\/strong><\/p>\n<p>Un questionnaire m\u00e9dical sera demand\u00e9 d\u2019\u00eatre rempli au d\u00e9but du s\u00e9jour. Tenez votre instructeur ou guide au courant de votre condition physique et apportez une lettre de votre m\u00e9decin si vous savez d\u00e9j\u00e0 que vous avez une maladie ou handicap quelconque qui ne vous rendrait pas apte \u00e0 plonger. Il est possible, apr\u00e8s r\u00e9ponse au questionnaire que le candidat soit demand\u00e9 d\u2019obtenir un certificat m\u00e9dical d\u00e9livr\u00e9 par un m\u00e9decin de la plong\u00e9e.<\/p>\n<p><\/p>\n<p><strong>Demande de paiement<\/strong><\/p>\n<p>_ 30% d\u2019acompte vous sera demand\u00e9 au moment de la r\u00e9servation des cours ou excursions.<br>_ Le reste du paiement devra \u00eatre effectu\u00e9 avant votre d\u00e9part ou \u00e0 l\u2019arriv\u00e9e, avant de commencer les activit\u00e9s.<br>_ Tous autres honoraires seront sp\u00e9cifi\u00e9s sur votre devis de r\u00e9servation.<br>_ Les acomptes ne sont pas remboursable.<br>_ Les paiements PAYPAL seront sujets \u00e0 4% de suppl\u00e9ment.<br>_ Toutes conversions de devises seront d\u00e9taill\u00e9s sur le devis final.<br>_ Pas de remboursement ni de compensation sera rembours\u00e9 par Zen Diving pour un cours, une excursion ou du materiel r\u00e9serv\u00e9 mais non utilis\u00e9.<\/p>\n<p><\/p>\n<p><strong>Modifications:<\/strong><\/p>\n<p>www.zen-diving.com et ses partenaires se r\u00e9servent le droit de r\u00e9arranger et de modifier les itin\u00e9raires ou les sites de plong\u00e9es et d\u2019excursions sans notifications si les autorit\u00e9s locales nous le demandent.<\/p>\n<p><\/p>\n<p><strong>Contenu du site web:<\/strong><\/p>\n<p>Le contenu du site internet est expos\u00e9 \u00e0 \u00eatre modifi\u00e9, sans notifications, avant ou pendant une excursion. www.zen-diving.com s\u2019efforce d\u2019\u00eatre le plus pr\u00e9cis et d\u00e9taill\u00e9 possible mais ne peut accepter aucune responsabilit\u00e9 pour quelconques impr\u00e9cisions ou erreurs. Les photos et illustrations sont pr\u00e9vues pour vous donner une id\u00e9e des destinations et sites de plong\u00e9es mais ne sont peut-\u00eatre pas exactes \u00e0 chaque sites de plong\u00e9es.<br>Tous les prix sites sur www.zen-diving.com sont correct au moment de la publication. Tous les prix et taux de changes sont expos\u00e9s \u00e0 un changement qui pourrait avoir effet sur le prix des plong\u00e9es. nuits \u00e0 l\u2019h\u00f4tel ou quelconque excursion.<\/p>\n<p><\/p>\n<p><strong>Equipement:<\/strong><\/p>\n<p>Quelconque deterioration de l\u2019\u00e9quipement utilis\u00e9 par un \u00e9l\u00e8ve ou un client, pendant une excursion, sous la surveillance d\u2019un instructeur ou autre, sera factur\u00e9 en fonction du d\u00e9g\u00e2t caus\u00e9. En r\u00e9servant avec Zen Diving, vous acceptez ces conditions.<\/p>\n<p><\/p>\n<ol start=\"2\">\n<li><strong> Conditions g\u00e9n\u00e9rales d\u2019utilisation du site et des services propos\u00e9s.<\/strong><\/li>\n<\/ol>\n<p>L\u2019utilisation du site www.zen-diving.com implique l\u2019acceptation pleine et enti\u00e8re des conditions g\u00e9n\u00e9rales d\u2019utilisation ci-apr\u00e8s d\u00e9crites. Ces conditions d\u2019utilisation sont susceptibles d\u2019\u00eatre modifi\u00e9es ou compl\u00e9t\u00e9es \u00e0 tout moment, les utilisateurs du site www.zen-diving.com sont donc invit\u00e9s \u00e0 les consulter de mani\u00e8re r\u00e9guli\u00e8re.<br>Ce site est normalement accessible \u00e0 tout moment aux utilisateurs. Une interruption pour raison de maintenance technique peut \u00eatre toutefois d\u00e9cid\u00e9e par ZEN DIVING, qui s\u2019efforcera alors de communiquer pr\u00e9alablement aux utilisateurs les dates et heures de l\u2019intervention.<br>Le site www.zen-diving.com est mis \u00e0 jour r\u00e9guli\u00e8rement. De la m\u00eame fa\u00e7on, les mentions l\u00e9gales peuvent \u00eatre modifi\u00e9es \u00e0 tout moment : elles s\u2019imposent n\u00e9anmoins \u00e0 l\u2019utilisateur qui est invit\u00e9 \u00e0 s\u2019y r\u00e9f\u00e9rer le plus souvent possible afin d\u2019en prendre connaissance.<\/p>\n<p><\/p>\n<ol start=\"3\">\n<li><strong> Description des services fournis.<\/strong><\/li>\n<\/ol>\n<p>Le site www.zen-diving.com a pour objet de fournir une information concernant l\u2019ensemble des activit\u00e9s de la soci\u00e9t\u00e9.<br>ZEN DIVING s\u2019efforce de fournir sur le site www.zen-diving.com des informations aussi pr\u00e9cises que possible. Toutefois, il ne pourra \u00eatre tenue responsable des omissions, des inexactitudes et des carences dans la mise \u00e0 jour, qu\u2019elles soient de son fait ou du fait des tiers partenaires qui lui fournissent ces informations.<br>Tous les informations indiqu\u00e9es sur le site www.zen-diving.com sont donn\u00e9es \u00e0 titre indicatif, et sont susceptibles d\u2019\u00e9voluer. Par ailleurs, les renseignements figurant sur le site www.zen-diving.com ne sont pas exhaustifs. Ils sont donn\u00e9s sous r\u00e9serve de modifications ayant \u00e9t\u00e9 apport\u00e9es depuis leur mise en ligne.<\/p>\n<p><\/p>\n<ol start=\"4\">\n<li><strong> Limitations contractuelles sur les donn\u00e9es techniques.<\/strong><\/li>\n<\/ol>\n<p>Le site utilise la technologie JavaScript.<br>Le site Internet ne pourra \u00eatre tenu responsable de dommages mat\u00e9riels li\u00e9s \u00e0 l\u2019utilisation du site. De plus, l\u2019utilisateur du site s\u2019engage \u00e0 acc\u00e9der au site en utilisant un mat\u00e9riel r\u00e9cent, ne contenant pas de virus et avec un navigateur de derni\u00e8re g\u00e9n\u00e9ration mis-\u00e0-jour<\/p>\n<p><\/p>\n<ol start=\"5\">\n<li><strong> Propri\u00e9t\u00e9 intellectuelle et contrefa\u00e7ons.<\/strong><\/li>\n<\/ol>\n<p>ZEN DIVING est propri\u00e9taire des droits de propri\u00e9t\u00e9 intellectuelle ou d\u00e9tient les droits d\u2019usage sur tous les \u00e9l\u00e9ments accessibles sur le site, notamment les textes, images, graphismes, logo, ic\u00f4nes, sons, logiciels.<br>Toute reproduction, repr\u00e9sentation, modification, publication, adaptation de tout ou partie des \u00e9l\u00e9ments du site, quel que soit le moyen ou le proc\u00e9d\u00e9 utilis\u00e9, est interdite, sauf autorisation \u00e9crite pr\u00e9alable de : ZEN DIVING.<br>Toute exploitation non autoris\u00e9e du site ou de l\u2019un quelconque des \u00e9l\u00e9ments qu\u2019il contient sera consid\u00e9r\u00e9e comme constitutive d\u2019une contrefa\u00e7on et poursuivie conform\u00e9ment aux dispositions des articles L.335-2 et suivants du Code de Propri\u00e9t\u00e9 Intellectuelle.<\/p>\n<p><\/p>\n<ol start=\"6\">\n<li><strong> Limitations de responsabilit\u00e9.<\/strong><\/li>\n<\/ol>\n<p>ZEN DIVING ne pourra \u00eatre tenue responsable des dommages directs et indirects caus\u00e9s au mat\u00e9riel de l\u2019utilisateur, lors de l\u2019acc\u00e8s au site www.zen-diving.com, et r\u00e9sultant soit de l\u2019utilisation d\u2019un mat\u00e9riel ne r\u00e9pondant pas aux sp\u00e9cifications indiqu\u00e9es au point 4, soit de l\u2019apparition d\u2019un bug ou d\u2019une incompatibilit\u00e9.<br>ZEN DIVING ne pourra \u00e9galement \u00eatre tenue responsable des dommages indirects (tels par exemple qu\u2019une perte de march\u00e9 ou perte d\u2019une chance) cons\u00e9cutifs \u00e0 l\u2019utilisation du site www.zen-diving.com.<br>Des espaces interactifs (possibilit\u00e9 de poser des questions dans l\u2019espace contact) sont \u00e0 la disposition des utilisateurs. ZEN DIVING se r\u00e9serve le droit de supprimer, sans mise en demeure pr\u00e9alable, tout contenu d\u00e9pos\u00e9 dans cet espace qui contreviendrait \u00e0 la l\u00e9gislation applicable en France, en particulier aux dispositions relatives \u00e0 la protection des donn\u00e9es. Le cas \u00e9ch\u00e9ant, ZEN DIVING se r\u00e9serve \u00e9galement la possibilit\u00e9 de mettre en cause la responsabilit\u00e9 civile et\/ou p\u00e9nale de l\u2019utilisateur, notamment en cas de message \u00e0 caract\u00e8re raciste, injurieux, diffamant, ou pornographique, quel que soit le support utilis\u00e9 (texte, photographie\u2026).<\/p>\n<p><\/p>\n<ol start=\"7\">\n<li><strong> Gestion des donn\u00e9es personnelles.<\/strong><\/li>\n<\/ol>\n<p>En France, les donn\u00e9es personnelles sont notamment prot\u00e9g\u00e9es par la loi n\u00b0 78-87 du 6 janvier 1978, la loi n\u00b0 2004-801 du 6 ao\u00fbt 2004, l\u2019article L. 226-13 du Code p\u00e9nal et la Directive Europ\u00e9enne du 24 octobre 1995.<br>A l\u2019occasion de l\u2019utilisation du site www.zen-diving.com, peuvent \u00eatres recueillies : l\u2019URL des liens par l\u2019interm\u00e9diaire desquels l\u2019utilisateur a acc\u00e9d\u00e9 au site www.zen-diving.com, le fournisseur d\u2019acc\u00e8s de l\u2019utilisateur, l\u2019adresse de protocole Internet (IP) de l\u2019utilisateur.<br>En tout \u00e9tat de cause ZEN DIVING ne collecte des informations personnelles relatives \u00e0 l\u2019utilisateur que pour le besoin de certains services propos\u00e9s par le site www.zen-diving.com. L\u2019utilisateur fournit ces informations en toute connaissance de cause, notamment lorsqu\u2019il proc\u00e8de par lui-m\u00eame \u00e0 leur saisie. Il est alors pr\u00e9cis\u00e9 \u00e0 l\u2019utilisateur du site www.zen-diving.com l\u2019obligation ou non de fournir ces informations.<br>Conform\u00e9ment aux dispositions des articles 38 et suivants de la loi 78-17 du 6 janvier 1978 relative \u00e0 l\u2019informatique, aux fichiers et aux libert\u00e9s, tout utilisateur dispose d\u2019un droit d\u2019acc\u00e8s, de rectification et d\u2019opposition aux donn\u00e9es personnelles le concernant, en effectuant sa demande \u00e9crite et sign\u00e9e, accompagn\u00e9e d\u2019une copie du titre d\u2019identit\u00e9 avec signature du titulaire de la pi\u00e8ce, en pr\u00e9cisant l\u2019adresse \u00e0 laquelle la r\u00e9ponse doit \u00eatre envoy\u00e9e.<br>Aucune information personnelle de l\u2019utilisateur du site www.zen-diving.com n\u2019est publi\u00e9e \u00e0 l\u2019insu de l\u2019utilisateur, \u00e9chang\u00e9e, transf\u00e9r\u00e9e, c\u00e9d\u00e9e ou vendue sur un support quelconque \u00e0 des tiers. Seule l\u2019hypoth\u00e8se du rachat de ZEN DIVING et de ses droits permettrait la transmission des dites informations \u00e0 l\u2019\u00e9ventuel acqu\u00e9reur qui serait \u00e0 son tour tenu de la m\u00eame obligation de conservation et de modification des donn\u00e9es vis \u00e0 vis de l\u2019utilisateur du site www.zen-diving.com.<br>Le site n\u2019est pas d\u00e9clar\u00e9 \u00e0 la CNIL car il ne recueille pas d\u2019informations personnelles. .<br>Les bases de donn\u00e9es sont prot\u00e9g\u00e9es par les dispositions de la loi du 1er juillet 1998 transposant la directive 96\/9 du 11 mars 1996 relative \u00e0 la protection juridique des bases de donn\u00e9es.<\/p>\n<p><\/p>\n<ol start=\"8\">\n<li><strong> Liens hypertextes et cookies.<\/strong><\/li>\n<\/ol>\n<p>Le site www.zen-diving.com contient un certain nombre de liens hypertextes vers d\u2019autres sites, mis en place avec l\u2019autorisation de ZEN DIVING. Cependant, ZEN DIVING n\u2019a pas la possibilit\u00e9 de v\u00e9rifier le contenu des sites ainsi visit\u00e9s, et n\u2019assumera en cons\u00e9quence aucune responsabilit\u00e9 de ce fait.<br>La navigation sur le site www.zen-diving.com est susceptible de provoquer l\u2019installation de cookie(s) sur l\u2019ordinateur de l\u2019utilisateur. Un cookie est un fichier de petite taille, qui ne permet pas l\u2019identification de l\u2019utilisateur, mais qui enregistre des informations relatives \u00e0 la navigation d\u2019un ordinateur sur un site. Les donn\u00e9es ainsi obtenues visent \u00e0 faciliter la navigation ult\u00e9rieure sur le site, et ont \u00e9galement vocation \u00e0 permettre diverses mesures de fr\u00e9quentation.<br>Le refus d\u2019installation d\u2019un cookie peut entra\u00eener l\u2019impossibilit\u00e9 d\u2019acc\u00e9der \u00e0 certains services. L\u2019utilisateur peut toutefois configurer son ordinateur de la mani\u00e8re suivante, pour refuser l\u2019installation des cookies :<br>Sous Internet Explorer : onglet outil (pictogramme en forme de rouage en haut a droite) \/ options internet. Cliquez sur Confidentialit\u00e9 et choisissez Bloquer tous les cookies. Validez sur Ok.<br>Sous Firefox : en haut de la fen\u00eatre du navigateur, cliquez sur le bouton Firefox, puis aller dans l\u2019onglet Options. Cliquer sur l\u2019onglet Vie priv\u00e9e. Param\u00e9trez les R\u00e8gles de conservation sur : utiliser les param\u00e8tres personnalis\u00e9s pour l\u2019historique. Enfin d\u00e9cochez-la pour d\u00e9sactiver les cookies.<br>Sous Safari : Cliquez en haut \u00e0 droite du navigateur sur le pictogramme de menu (symbolis\u00e9 par un rouage). S\u00e9lectionnez Param\u00e8tres. Cliquez sur Afficher les param\u00e8tres avanc\u00e9s. Dans la section \u00ab Confidentialit\u00e9 \u00bb, cliquez sur Param\u00e8tres de contenu. Dans la section \u00ab Cookies \u00bb, vous pouvez bloquer les cookies.<br>Sous Chrome : Cliquez en haut \u00e0 droite du navigateur sur le pictogramme de menu (symbolis\u00e9 par trois lignes horizontales). S\u00e9lectionnez Param\u00e8tres. Cliquez sur Afficher les param\u00e8tres avanc\u00e9s. Dans la section \u00ab Confidentialit\u00e9 \u00bb, cliquez sur pr\u00e9f\u00e9rences. Dans l\u2019onglet \u00ab Confidentialit\u00e9 \u00bb, vous pouvez bloquer les cookies.<\/p>\n<p><\/p>\n<ol start=\"9\">\n<li><strong> Droit applicable et attribution de juridiction.<\/strong><\/li>\n<\/ol>\n<p>Tout litige en relation avec l\u2019utilisation du site www.zen-diving.com est soumis au droit fran\u00e7ais. Il est fait attribution exclusive de juridiction aux tribunaux comp\u00e9tents de Paris.<\/p>\n<p><\/p>\n<ol start=\"10\">\n<li><strong> Les principales lois concern\u00e9es.<\/strong><\/li>\n<\/ol>\n<p>Loi n\u00b0 78-87 du 6 janvier 1978, notamment modifi\u00e9e par la loi n\u00b0 2004-801 du 6 ao\u00fbt 2004 relative \u00e0 l\u2019informatique, aux fichiers et aux libert\u00e9s.<br>Loi n\u00b0 2004-575 du 21 juin 2004 pour la confiance dans l\u2019\u00e9conomie num\u00e9rique.<\/p>\n<p><\/p>\n<ol start=\"11\">\n<li><strong> Lexique.<\/strong><\/li>\n<\/ol>\n<p>Utilisateur : Internaute se connectant, utilisant le site susnomm\u00e9.<br>Informations personnelles : \u00ab les informations qui permettent, sous quelque forme que ce soit, directement ou non, l\u2019identification des personnes physiques auxquelles elles s\u2019appliquent \u00bb (article 4 de la loi n\u00b0 78-17 du 6 janvier 1978).<\/p>\n<p>\u2013<br>\u00ab L\u2019informatique doit \u00eatre au service de chaque citoyen. Elle ne doit porter atteinte, ni \u00e0 l\u2019identit\u00e9 humaine, ni aux droits de l\u2019homme, ni \u00e0 la vie priv\u00e9e, ni aux libert\u00e9s individuelles ou publiques \u00bb (Article 1 de la loi du 6\/1\/1978). C\u2019est dans cet \u00e9tat d\u2019esprit que nous mettons \u00e0 votre disposition des informations sur notre site internet. Nous nous engageons \u00e0 respecter les r\u00e8gles de fonctionnement que vous d\u00e9couvrirez ci-dessous. Vous disposez d\u2019un droit d\u2019acc\u00e8s, de modification, de rectification et de suppression des donn\u00e9es qui vous concernent (art. 34 de la loi \u00ab Informatique et Libert\u00e9s \u00bb).<br>Pour l\u2019exercer, adressez-vous \u00e0 : ZEN DIVING \u2013 contact@zen-diving.com<\/p>\n<\/div>\n<\/div>\n<\/div>\n<\/div>\n<\/div>\n<\/div><\/div>\n\t\t\t\t<\/div>\n\t\t\t\t<\/div>\n\t\t\t\t\t\t<\/div>\n\t\t\t\t\t<\/div>\n\t\t<\/div>\n\t\t\t\t\t\t\t\t<\/div>\n\t\t\t\t\t<\/div>\n\t\t<\/section>\n\t\t\t\t\t\t<\/div>\n\t\t\t\t\t\t<\/div>\n\t\t\t\t\t<\/div>","protected":false},"excerpt":{"rendered":"<p>Legals Feel free to contact us if you have any questions WhatsApp : +521 984 198 21 07 Mentions l\u00e9gales, en vertu de l\u2019article 6 de la loi n\u00b0 2004-575 du 21 juin 2004 pour la confiance dans l\u2019\u00e9conomie num\u00e9rique, il est pr\u00e9cis\u00e9 aux utilisateurs du site www.zen-diving.com l\u2019identit\u00e9 des diff\u00e9rents intervenants dans le cadre [&hellip;]<\/p>","protected":false},"author":1,"featured_media":0,"parent":0,"menu_order":0,"comment_status":"closed","ping_status":"open","template":"elementor_header_footer","meta":[],"yoast_head":"<!-- This site is optimized with the Yoast SEO plugin v14.9 - https:\/\/yoast.com\/wordpress\/plugins\/seo\/ -->\n<title>Terms and conditions - Privacy policy Zen Diving Tulum<\/title>\n<meta name=\"description\" content=\"Terms and conditions before booking a dive with us.\" \/>\n<meta name=\"robots\" content=\"index, follow, max-snippet:-1, max-image-preview:large, max-video-preview:-1\" \/>\n<link rel=\"canonical\" href=\"https:\/\/zen-diving.com\/fr\/politique-de-confidentialite\/\" \/>\n<meta property=\"og:locale\" content=\"fr_FR\" \/>\n<meta property=\"og:type\" content=\"article\" \/>\n<meta property=\"og:title\" content=\"Terms and conditions - Privacy policy Zen Diving Tulum\" \/>\n<meta property=\"og:description\" content=\"Terms and conditions before booking a dive with us.\" \/>\n<meta property=\"og:url\" content=\"https:\/\/zen-diving.com\/fr\/politique-de-confidentialite\/\" \/>\n<meta property=\"og:site_name\" content=\"Zen Diving Tulum\" \/>\n<meta property=\"article:modified_time\" content=\"2025-11-12T17:38:46+00:00\" \/>\n<meta name=\"twitter:card\" content=\"summary_large_image\" \/>\n<script type=\"application\/ld+json\" class=\"yoast-schema-graph\">{\"@context\":\"https:\/\/schema.org\",\"@graph\":[{\"@type\":\"WebSite\",\"@id\":\"https:\/\/zen-diving.com\/fr\/#website\",\"url\":\"https:\/\/zen-diving.com\/fr\/\",\"name\":\"Zen Diving Tulum\",\"description\":\"Diving center in Tulum Mexico\",\"potentialAction\":[{\"@type\":\"SearchAction\",\"target\":\"https:\/\/zen-diving.com\/fr\/?s={search_term_string}\",\"query-input\":\"required name=search_term_string\"}],\"inLanguage\":\"fr-FR\"},{\"@type\":\"WebPage\",\"@id\":\"https:\/\/zen-diving.com\/politique-de-confidentialite\/#webpage\",\"url\":\"https:\/\/zen-diving.com\/politique-de-confidentialite\/\",\"name\":\"Terms and conditions - Privacy policy Zen Diving Tulum\",\"isPartOf\":{\"@id\":\"https:\/\/zen-diving.com\/fr\/#website\"},\"datePublished\":\"2020-08-19T17:04:29+00:00\",\"dateModified\":\"2025-11-12T17:38:46+00:00\",\"description\":\"Terms and conditions before booking a dive with us.\",\"inLanguage\":\"fr-FR\",\"potentialAction\":[{\"@type\":\"ReadAction\",\"target\":[\"https:\/\/zen-diving.com\/politique-de-confidentialite\/\"]}]}]}<\/script>\n<!-- \/ Yoast SEO plugin. -->","_links":{"self":[{"href":"https:\/\/zen-diving.com\/fr\/wp-json\/wp\/v2\/pages\/3"}],"collection":[{"href":"https:\/\/zen-diving.com\/fr\/wp-json\/wp\/v2\/pages"}],"about":[{"href":"https:\/\/zen-diving.com\/fr\/wp-json\/wp\/v2\/types\/page"}],"author":[{"embeddable":true,"href":"https:\/\/zen-diving.com\/fr\/wp-json\/wp\/v2\/users\/1"}],"replies":[{"embeddable":true,"href":"https:\/\/zen-diving.com\/fr\/wp-json\/wp\/v2\/comments?post=3"}],"version-history":[{"count":2,"href":"https:\/\/zen-diving.com\/fr\/wp-json\/wp\/v2\/pages\/3\/revisions"}],"predecessor-version":[{"id":993,"href":"https:\/\/zen-diving.com\/fr\/wp-json\/wp\/v2\/pages\/3\/revisions\/993"}],"wp:attachment":[{"href":"https:\/\/zen-diving.com\/fr\/wp-json\/wp\/v2\/media?parent=3"}],"curies":[{"name":"wp","href":"https:\/\/api.w.org\/{rel}","templated":true}]}}